{"id":545,"date":"2020-08-24T04:53:52","date_gmt":"2020-08-24T04:53:52","guid":{"rendered":"https:\/\/velha.org\/?page_id=545"},"modified":"2026-03-14T17:00:25","modified_gmt":"2026-03-14T17:00:25","slug":"home","status":"publish","type":"page","link":"https:\/\/velha.org\/","title":{"rendered":"In\u00edcio"},"content":{"rendered":"\n<div class=\"wp-block-cover alignfull has-parallax\" style=\"min-height:800px\"><span aria-hidden=\"true\" class=\"wp-block-cover__background has-ast-global-color-2-background-color has-background-dim-90 has-background-dim\"><\/span><div role=\"img\" class=\"wp-block-cover__image-background wp-image-177 has-parallax\" style=\"background-position:50% 50%;background-image:url(https:\/\/velha.org\/wp-content\/uploads\/2022\/06\/ari-he-idIUCsynuS4-unsplash2_600x400.jpg)\"><\/div><div class=\"wp-block-cover__inner-container\">\n<p class=\"has-text-align-center has-text-color\" style=\"color:#ffffff\">CURSOS LIVRES<\/p>\n\n\n\n<h1 class=\"wp-block-heading has-text-align-center has-text-color\" style=\"color:#ffffff\">Inicia\u00e7\u00e3o \u00e0 Fotografia<\/h1>\n\n\n\n<h5 class=\"wp-block-heading has-text-align-center has-text-color\" style=\"color:#ffffff\">Domina os conceitos b\u00e1sicos de fotografia e<br>aprende a controlar a m\u00e1quina fotogr\u00e1fica ou o smartphone<\/h5>\n\n\n\n<div class=\"wp-block-buttons is-horizontal is-content-justification-center is-layout-flex wp-container-1\">\n<div class=\"wp-block-button\"><a class=\"wp-block-button__link wp-element-button\" href=\"https:\/\/velha.org\/?p=172\" rel=\"https:\/\/velha.org\/?p=172\">PR\u00d3XIMA EDI\u00c7\u00c3O &#8211; abril 2026 \/ BRAGA \/ inscri\u00e7\u00f5es E MAIS INFO<\/a><\/div>\n<\/div>\n<\/div><\/div>\n\n\n\n<div class=\"inherit-container-width wp-block-group alignfull has-ast-global-color-4-background-color has-background is-layout-constrained\"><div class=\"wp-block-group__inner-container\">\n<div class=\"wp-block-columns alignwide is-layout-flex wp-container-5\">\n<div class=\"wp-block-column has-ast-global-color-4-background-color has-background is-layout-flow\">\n<figure class=\"wp-block-image alignwide size-full\"><a href=\"https:\/\/velha.org\/?p=172\"><img decoding=\"async\" loading=\"lazy\" width=\"600\" height=\"400\" src=\"https:\/\/velha.org\/wp-content\/uploads\/2022\/06\/pexels-athena-1990211_600x400.jpg\" alt=\"\" class=\"wp-image-178\" srcset=\"https:\/\/velha.org\/wp-content\/uploads\/2022\/06\/pexels-athena-1990211_600x400.jpg 600w, https:\/\/velha.org\/wp-content\/uploads\/2022\/06\/pexels-athena-1990211_600x400-300x200.jpg 300w\" sizes=\"(max-width: 600px) 100vw, 600px\" \/><\/a><\/figure>\n\n\n\n<p><strong>Curso<\/strong><\/p>\n\n\n\n<hr class=\"wp-block-separator has-css-opacity is-style-wide\"\/>\n\n\n\n<h5 class=\"wp-block-heading\"><a href=\"https:\/\/velha.org\/?p=172\">Inicia\u00e7\u00e3o \u00e0 Fotografia<\/a><\/h5>\n\n\n\n<p>A pr\u00f3xima edi\u00e7\u00e3o do curso de Inicia\u00e7\u00e3o decorrer\u00e1 em Braga. Inscreve-te j\u00e1!<\/p>\n<\/div>\n\n\n\n<div class=\"wp-block-column has-ast-global-color-4-background-color has-background is-layout-flow\">\n<figure class=\"wp-block-image alignwide size-full\"><a href=\"https:\/\/velha.org\/?p=236\"><img decoding=\"async\" loading=\"lazy\" width=\"857\" height=\"720\" src=\"https:\/\/velha.org\/wp-content\/uploads\/2022\/08\/Screenshot-2022-08-19-23.09.52.png\" alt=\"\" class=\"wp-image-241\" srcset=\"https:\/\/velha.org\/wp-content\/uploads\/2022\/08\/Screenshot-2022-08-19-23.09.52.png 857w, https:\/\/velha.org\/wp-content\/uploads\/2022\/08\/Screenshot-2022-08-19-23.09.52-300x252.png 300w, https:\/\/velha.org\/wp-content\/uploads\/2022\/08\/Screenshot-2022-08-19-23.09.52-768x645.png 768w\" sizes=\"(max-width: 857px) 100vw, 857px\" \/><\/a><\/figure>\n\n\n\n<p><strong>Curso <\/strong>Crian\u00e7as<\/p>\n\n\n\n<hr class=\"wp-block-separator has-css-opacity is-style-wide\"\/>\n\n\n\n<h5 class=\"wp-block-heading\"><a href=\"https:\/\/velha.org\/?p=236\">Workshop de Fotografia para Crian\u00e7as <\/a><\/h5>\n\n\n\n<p>Ateli\u00ea de F\u00e9rias de Ver\u00e3o de 2023, dos 6 aos 12 anos \/\/ dos 13 aos 17<\/p>\n<\/div>\n\n\n\n<div class=\"wp-block-column has-ast-global-color-4-background-color has-background is-layout-flow\">\n<figure class=\"wp-block-image alignwide size-large\"><a href=\"https:\/\/velha.org\/?p=223\"><img decoding=\"async\" loading=\"lazy\" width=\"1024\" height=\"768\" src=\"https:\/\/velha.org\/wp-content\/uploads\/2022\/08\/image1-1024x768.jpeg\" alt=\"\" class=\"wp-image-244\" srcset=\"https:\/\/velha.org\/wp-content\/uploads\/2022\/08\/image1-1024x768.jpeg 1024w, https:\/\/velha.org\/wp-content\/uploads\/2022\/08\/image1-300x225.jpeg 300w, https:\/\/velha.org\/wp-content\/uploads\/2022\/08\/image1-768x576.jpeg 768w, https:\/\/velha.org\/wp-content\/uploads\/2022\/08\/image1-1536x1152.jpeg 1536w, https:\/\/velha.org\/wp-content\/uploads\/2022\/08\/image1-1200x900.jpeg 1200w, https:\/\/velha.org\/wp-content\/uploads\/2022\/08\/image1-1980x1485.jpeg 1980w, https:\/\/velha.org\/wp-content\/uploads\/2022\/08\/image1.jpeg 2016w\" sizes=\"(max-width: 1024px) 100vw, 1024px\" \/><\/a><\/figure>\n\n\n\n<p><strong><strong>Curso <\/strong><\/strong>Crian\u00e7as<\/p>\n\n\n\n<hr class=\"wp-block-separator has-css-opacity is-style-wide\"\/>\n\n\n\n<h5 class=\"wp-block-heading\"><a href=\"https:\/\/velha.org\/?p=223\">Oficina de Cinema de Anima\u00e7\u00e3o \/ Stop Motion<\/a><\/h5>\n<\/div>\n<\/div>\n<\/div><\/div>\n\n\n\n<div class=\"inherit-container-width wp-block-group alignfull has-ast-global-color-4-background-color has-background is-layout-constrained\"><div class=\"wp-block-group__inner-container\">\n<div class=\"wp-block-columns alignwide is-layout-flex wp-container-8\">\n<div class=\"wp-block-column has-ast-global-color-4-background-color has-background is-layout-flow\">\n<h5 class=\"wp-block-heading\"><\/h5>\n<\/div>\n<\/div>\n<\/div><\/div>\n\n\n\n<div class=\"inherit-container-width wp-block-group alignfull has-ast-global-color-4-background-color has-background is-layout-constrained\"><div class=\"wp-block-group__inner-container\">\n<p><\/p>\n\n\n\n<div class=\"wp-block-columns is-layout-flex wp-container-13\">\n<div class=\"wp-block-column is-layout-flow\"><\/div>\n\n\n\n<div class=\"wp-block-column is-layout-flow\"><\/div>\n\n\n\n<div class=\"wp-block-column is-layout-flow\"><\/div>\n<\/div>\n<\/div><\/div>\n\n\n\n<div class=\"inherit-container-width wp-block-group alignfull has-ast-global-color-5-background-color has-background is-layout-constrained\"><div class=\"wp-block-group__inner-container\"><\/div><\/div>\n\n\n\n<div class=\"wp-block-columns is-layout-flex wp-container-17\">\n<div class=\"wp-block-column is-layout-flow\" style=\"flex-basis:100%\"><\/div>\n<\/div>\n","protected":false},"excerpt":{"rendered":"<p>Curso Inicia\u00e7\u00e3o \u00e0 Fotografia A pr\u00f3xima edi\u00e7\u00e3o do curso de Inicia\u00e7\u00e3o decorrer\u00e1 em Braga. Inscreve-te j\u00e1! Curso Crian\u00e7as Workshop de Fotografia para Crian\u00e7as Ateli\u00ea de F\u00e9rias de Ver\u00e3o de 2023, dos 6 aos 12 anos \/\/ dos 13 aos 17 Curso Crian\u00e7as Oficina de Cinema de Anima\u00e7\u00e3o \/ Stop Motion<\/p>\n","protected":false},"author":2,"featured_media":0,"parent":0,"menu_order":0,"comment_status":"closed","ping_status":"closed","template":"","meta":{"site-sidebar-layout":"default","site-content-layout":"plain-container","ast-global-header-display":"","ast-main-header-display":"","ast-hfb-above-header-display":"","ast-hfb-below-header-display":"","ast-hfb-mobile-header-display":"","site-post-title":"disabled","ast-breadcrumbs-content":"","ast-featured-img":"","footer-sml-layout":"","theme-transparent-header-meta":"enabled","adv-header-id-meta":"","stick-header-meta":"","header-above-stick-meta":"","header-main-stick-meta":"","header-below-stick-meta":""},"_links":{"self":[{"href":"https:\/\/velha.org\/index.php?rest_route=\/wp\/v2\/pages\/545"}],"collection":[{"href":"https:\/\/velha.org\/index.php?rest_route=\/wp\/v2\/pages"}],"about":[{"href":"https:\/\/velha.org\/index.php?rest_route=\/wp\/v2\/types\/page"}],"author":[{"embeddable":true,"href":"https:\/\/velha.org\/index.php?rest_route=\/wp\/v2\/users\/2"}],"replies":[{"embeddable":true,"href":"https:\/\/velha.org\/index.php?rest_route=%2Fwp%2Fv2%2Fcomments&post=545"}],"version-history":[{"count":52,"href":"https:\/\/velha.org\/index.php?rest_route=\/wp\/v2\/pages\/545\/revisions"}],"predecessor-version":[{"id":991,"href":"https:\/\/velha.org\/index.php?rest_route=\/wp\/v2\/pages\/545\/revisions\/991"}],"wp:attachment":[{"href":"https:\/\/velha.org\/index.php?rest_route=%2Fwp%2Fv2%2Fmedia&parent=545"}],"curies":[{"name":"wp","href":"https:\/\/api.w.org\/{rel}","templated":true}]}}